{"id":28137,"date":"2023-10-06T10:58:59","date_gmt":"2023-10-06T08:58:59","guid":{"rendered":"https:\/\/agenciacomma.com\/aviso-legal\/"},"modified":"2023-10-06T11:13:14","modified_gmt":"2023-10-06T09:13:14","slug":"legal","status":"publish","type":"page","link":"https:\/\/agenciacomma.com\/en\/legal\/","title":{"rendered":"Aviso legal"},"content":{"rendered":"\t\t<div data-elementor-type=\"wp-page\" data-elementor-id=\"28137\" class=\"elementor elementor-28137 elementor-27660\" data-elementor-post-type=\"page\">\n\t\t\t\t<div class=\"elementor-element elementor-element-dd32e07 e-con-full e-flex e-con e-parent\" data-id=\"dd32e07\" data-element_type=\"container\" data-e-type=\"container\" data-settings=\"{&quot;background_background&quot;:&quot;classic&quot;}\">\n\t\t\t\t<div class=\"elementor-element elementor-element-2ae6053 elementor-widget__width-inherit elementor-widget-tablet__width-inherit elementor-widget elementor-widget-heading\" data-id=\"2ae6053\" data-element_type=\"widget\" data-e-type=\"widget\" data-widget_type=\"heading.default\">\n\t\t\t\t<div class=\"elementor-widget-container\">\n\t\t\t\t\t<h1 class=\"elementor-heading-title elementor-size-default\">Aviso legal<\/h1>\t\t\t\t<\/div>\n\t\t\t\t<\/div>\n\t\t\t\t<div class=\"elementor-element elementor-element-43a27e3 elementor-widget__width-inherit elementor-widget-tablet__width-inherit textos-legales elementor-widget elementor-widget-text-editor\" data-id=\"43a27e3\" data-element_type=\"widget\" data-e-type=\"widget\" data-widget_type=\"text-editor.default\">\n\t\t\t\t<div class=\"elementor-widget-container\">\n\t\t\t\t\t\t\t\t\tEn cumplimiento con el deber de informaci\u00f3n dispuesto en la Ley 34\/2002 de Servicios de la Sociedad de la Informaci\u00f3n y el Comercio Electr\u00f3nico (LSSI-CE) de 11 de julio, se facilitan a continuaci\u00f3n los siguientes datos de informaci\u00f3n general de esta p\u00e1gina web web:\n\nLa titularidad de la p\u00e1gina web es de SAB comunicaci\u00f3n empresarial, s.l.u. (en adelante SAB), es una sociedad provista de C.I.F. B-82233065 e inscrita en el Registro Mercantil de Madrid, tomo 14688, Folio 108, Secci\u00f3n 8\u00aa, Hoja M-243614.\n<h2><strong>Datos de contacto<\/strong><\/h2>\n<ul>\n \t<li>Direcci\u00f3n: C\/ Alburquerque n\u00ba. 15 28010 Madrid<\/li>\n \t<li>Tel\u00e9fono: 915500204<\/li>\n \t<li>Correo electr\u00f3nico: <a href=\"mailto:importa@agenciacomma.com\">importa@agenciacomma.com<\/a><\/li>\n<\/ul>\n<h2><strong>T\u00e9rminos y Condiciones generales de uso <\/strong><\/h2>\nEl objeto de las presentes Condiciones Generales de Uso (en adelante Condiciones) es regular el acceso y la utilizaci\u00f3n de la p\u00e1gina web <a href=\"http:\/\/www.agenciacomma.com\">www.agenciacomma.com<\/a> A los efectos de las presentes Condiciones se entender\u00e1 como p\u00e1gina web:\n\nLa apariencia externa de los interfaces de pantalla, tanto de forma est\u00e1tica como de forma din\u00e1mica, es decir, el \u00e1rbol de navegaci\u00f3n; y todos los elementos integrados tanto en los interfaces de pantalla como en el \u00e1rbol de navegaci\u00f3n (en adelante Contenidos) y todos aquellos servicios o recursos en l\u00ednea que en su caso ofrezca a los Usuarios (en adelante Servicios).\n\nSAB se reserva la facultad de modificar, en cualquier momento, y sin aviso previo, la presentaci\u00f3n y configuraci\u00f3n de la p\u00e1gina web <a href=\"http:\/\/www.agenciacomma.com\">www.agenciacomma.com<\/a> y de los Contenidos y Servicios que estuvieran incorporados. El Usuario reconoce y acepta que en cualquier momento el titular pueda interrumpir, desactivar y\/o cancelar cualquiera de estos elementos que se integran en la p\u00e1gina web <a href=\"http:\/\/www.agenciacomma.com\">www.agenciacomma.com<\/a> o el acceso a los mismos.\n\nEl acceso a la p\u00e1gina web <a href=\"http:\/\/www.agenciacomma.com\">www.agenciacomma.com<\/a> por el Usuario tiene car\u00e1cter libre y, por regla general, es gratuito sin que el Usuario tenga que proporcionar una contraprestaci\u00f3n para poder disfrutar del mismo, salvo en lo relativo al coste de conexi\u00f3n a trav\u00e9s de la red de telecomunicaciones suministrada por el proveedor de acceso que hubiere contratado el Usuario.\n\nLa utilizaci\u00f3n de alguno de los Contenidos o Servicios de la p\u00e1gina web <a href=\"http:\/\/www.agenciacomma.com\">www.agenciacomma.com<\/a> podr\u00e1 requerir la suscripci\u00f3n o registro previo del Usuario.\n<h2><strong>Derechos u obligaciones del Usuario<\/strong><\/h2>\nEl acceso, la navegaci\u00f3n y uso de la p\u00e1gina web <a href=\"http:\/\/www.agenciacomma.com\">www.agenciacomma.com<\/a> confiere la condici\u00f3n de Usuario, por lo que se aceptan, desde que se inicia la navegaci\u00f3n por la p\u00e1gina web, todas las Condiciones aqu\u00ed establecidas, as\u00ed como sus ulteriores modificaciones, sin perjuicio de la aplicaci\u00f3n de la correspondiente normativa legal de obligado cumplimiento seg\u00fan el caso\n\nEl Usuario asume su responsabilidad para realizar un uso correcto de la p\u00e1gina web <a href=\"http:\/\/www.agenciacomma.com\">www.agenciacomma.com<\/a> y no llevar a cabo ninguna conducta que pudiera da\u00f1ar la imagen, los intereses y los derechos de\n\nEsta responsabilidad se extender\u00e1 a:\n<ul>\n \t<li>El uso de la informaci\u00f3n, Contenidos y\/o Servicios y datos ofrecidos por el titular sin que sea contrario a lo dispuesto por las presentes Condiciones, la Ley o el orden p\u00fablico, o que de cualquier otro modo puedan suponer lesi\u00f3n de los derechos de terceros o del mismo funcionamiento de la p\u00e1gina web <a href=\"http:\/\/www.agenciacomma.com\">agenciacomma.com<\/a><\/li>\n \t<li>La veracidad y licitud de las informaciones aportadas por el Usuario en los formularios disponibles en la p\u00e1gina web <a href=\"http:\/\/www.agenciacomma.com\">agenciacomma.com<\/a> para el acceso a ciertos Contenidos o Servicios. En todo caso, el Usuario notificar\u00e1 de forma inmediata a el titular acerca de cualquier acci\u00f3n que permita el uso indebido de la informaci\u00f3n registrada en dichos formularios, tales como el robo, extrav\u00edo, o el acceso no autorizado a identificadores y\/o contrase\u00f1as, con el fin de proceder a su inmediata cancelaci\u00f3n.<\/li>\n \t<li>Cualquier actividad que pudiera da\u00f1ar, inutilizar o sobrecargar la p\u00e1gina web <a href=\"http:\/\/www.agenciacomma.com\">agenciacomma.com<\/a> o que impidiera, de cualquier forma, su normal utilizaci\u00f3n.<\/li>\n<\/ul>\nSAB se reserva el derecho de retirar todos aquellos comentarios y aportaciones que vulneren la ley, el respeto a la dignidad de la persona, que sean discriminatorios, xen\u00f3fobos, racistas, pornogr\u00e1ficos, spamming, que atenten contra la juventud o la infancia, el orden o la seguridad p\u00fablica o que, a su juicio, no resultaran adecuados para su publicaci\u00f3n.\n\nEn cualquier caso, SAB no ser\u00e1 responsable de las opiniones vertidas por los Usuarios a trav\u00e9s de comentarios en el Blog o de otras herramientas de participaci\u00f3n que puedan existir en el futuro.\n\nEl mero acceso a este Sitio Web no supone entablar ning\u00fan tipo de relaci\u00f3n de car\u00e1cter comercial entre el titular y el Usuario.\n\nEl Usuario declara ser mayor de edad y disponer de la capacidad jur\u00eddica suficiente para vincularse por las presentes Condiciones. Por lo tanto, este Sitio Web de SAB no se dirige a menores de edad. SAB declina cualquier responsabilidad por el incumplimiento de este requisito.\n<h2><strong>Exclusi\u00f3n de garant\u00edas y responsabilidad<\/strong><\/h2>\nSAB no garantiza la continuidad, disponibilidad y utilidad de la p\u00e1gina web <a href=\"http:\/\/www.agenciacomma.com\">www.agenciacomma.com<\/a> ni de los Contenidos o Servicios. SAB har\u00e1 todo lo posible por el buen funcionamiento de la p\u00e1gina web. Sin embargo, no se responsabiliza ni garantiza que el acceso a <a href=\"http:\/\/www.agenciacomma.com\">www.agenciacomma.com<\/a> sea ininterrumpido o que est\u00e9 libre de error.\n\nSAB tampoco se responsabiliza o garantiza que el contenido o software al que pueda accederse a trav\u00e9s de este Sitio Web, est\u00e9 libre de error o cause un da\u00f1o al sistema inform\u00e1tico (software y hardware) del Usuario.\n\nEn ning\u00fan caso SAB ser\u00e1 responsable por las p\u00e9rdidas, da\u00f1os o perjuicios de cualquier tipo que surjan por el acceso, navegaci\u00f3n y el uso del de la p\u00e1gina web <a href=\"http:\/\/www.agenciacomma.com\">www.agenciacomma.com<\/a> incluy\u00e9ndose, pero no limit\u00e1ndose, a los ocasionados a los sistemas inform\u00e1ticos o los provocados por la introducci\u00f3n de virus.\n\nSAB tampoco se hace responsable de los da\u00f1os que pudiesen ocasionarse a los usuarios por un uso inadecuado de la p\u00e1gina web <a href=\"http:\/\/www.agenciacomma.com\">www.agenciacomma.com<\/a> En particular, no se hace responsable en modo alguno de las ca\u00eddas, interrupciones, falta o defecto de las telecomunicaciones que pudieran ocurrir.\n<h2><strong>Propiedad Intelectual <\/strong><\/h2>\nTodos los Contenidos ofrecidos en la p\u00e1gina web www. y salvo indicaci\u00f3n espec\u00edfica en otro sentido, incluyendo su arquitectura de informaci\u00f3n, dise\u00f1o y maquetaci\u00f3n, est\u00e1n protegidos por derechos de propiedad industrial e intelectual, bien de titularidad de SAB o de terceros.\n\nSe requiere la autorizaci\u00f3n previa expl\u00edcita y escrita de SAB o del titular de los derechos en caso pertinente, para cualquier utilizaci\u00f3n comercial o p\u00fablica de dicha informaci\u00f3n y de su dise\u00f1o o redacci\u00f3n, as\u00ed como para cualquier modificaci\u00f3n o reprogramaci\u00f3n, comunicaci\u00f3n por cualquier medio o cualquier otra forma de explotaci\u00f3n del contenido total o parcial de la p\u00e1gina web <a href=\"http:\/\/www.agenciacomma.com\">www.agenciacomma.com<\/a>\n\nEl mero acceso a la p\u00e1gina web <a href=\"http:\/\/www.agenciacomma.com\">www.agenciacomma.com<\/a> la visualizaci\u00f3n de sus Contenidos, la utilizaci\u00f3n de sus servicios no pueden considerarse en modo alguno como otorgamiento de derecho, autorizaci\u00f3n o licencia de tipo alguno respecto a tales Contenidos.\n\nEl Usuario se compromete a respetar los derechos de propiedad intelectual e industrial de la p\u00e1gina web <a href=\"http:\/\/www.agenciacomma.com\">www.agenciacomma.com<\/a> Podr\u00e1 visualizar los Contenidos o incluso imprimirlos, copiarlos y almacenarlos en el disco duro de su ordenador o en cualquier otro soporte f\u00edsico siempre y cuando sea, exclusivamente, para su uso personal. El Usuario, sin embargo, no podr\u00e1 suprimir, alterar o manipular cualquier dispositivo de protecci\u00f3n o sistema de seguridad de la p\u00e1gina web para acceder o almacenar dichos Contenidos.\n\nEn caso de que el Usuario o tercero considere que cualquiera de los Contenidos de la p\u00e1gina web supone una violaci\u00f3n de sus derechos de protecci\u00f3n de la propiedad intelectual, deber\u00e1 comunicarlo lo antes posible a SAB comunicaci\u00f3n empresarial, s.l. trav\u00e9s de los datos de contacto proporcionados en la introducci\u00f3n de este Aviso Legal.\n<h2><strong>Pol\u00edtica de enlaces<\/strong><\/h2>\nLa p\u00e1gina web <a href=\"http:\/\/www.agenciacomma.com\">www.agenciacomma.com<\/a> puede poner medios de enlace (como, links, banners, botones, directorios o buscadores) a disposici\u00f3n de los Usuarios que permiten acceder a otras p\u00e1ginas web pertenecientes y\/o gestionados por terceros.\n\nLa presencia de estos enlaces en la p\u00e1gina web <a href=\"http:\/\/www.agenciacomma.com\">www.agenciacomma.com<\/a> tiene por objeto facilitar a los Usuarios la b\u00fasqueda de y acceso a la informaci\u00f3n disponible en internet, sin que pueda considerarse una sugerencia, recomendaci\u00f3n o invitaci\u00f3n para la visita de los mismos.\n\nSAB comunicaci\u00f3n empresarial, s.l. no ofrece ni comercializa por s\u00ed ni por medio de terceros los productos y\/o servicios disponibles en dichos sitios enlazados.\n\nAsimismo, SAB comunicaci\u00f3n empresarial, s.l. tampoco garantizar\u00e1 la disponibilidad t\u00e9cnica, exactitud, veracidad, validez o legalidad de sitios ajenos a su propiedad a los que se pueda acceder por medio de los enlaces.\n\nSAB comunicaci\u00f3n empresarial, s.l. en ning\u00fan caso revisar\u00e1 o controlar\u00e1 el contenido de otros sitios web, as\u00ed como tampoco aprueba, respalda, examina ni hace propios los productos y servicios, contenidos, archivos y cualquier otro material existente en los referidos sitios enlazados.\n\nSAB comunicaci\u00f3n empresarial, s.l. no asume ninguna responsabilidad por los da\u00f1os y perjuicios que pudieran producirse por el acceso, uso, calidad o licitud de los contenidos, comunicaciones, opiniones, productos y servicios de los sitios web gestionados por terceros y que sean enlazados desde la p\u00e1gina web <a href=\"http:\/\/www.agenciacomma.com\">www.agenciacomma.com<\/a>\n\nPor su parte, el Usuario que cree un hiperv\u00ednculo hacia la p\u00e1gina web <a href=\"http:\/\/www.agenciacomma.com\">www.agenciacomma.com<\/a> deber\u00e1 tener en cuenta que:\n<ul>\n \t<li>No se permite la reproducci\u00f3n \u2014total o parcial\u2014 de ninguno de los Contenidos y\/o Servicios de la p\u00e1gina web sin autorizaci\u00f3n expresa de SAB comunicaci\u00f3n empresarial, s.l.<\/li>\n \t<li>No se permite utilizar el enlazado en el contexto de una manifestaci\u00f3n falsa, inexacta o incorrecta sobre la p\u00e1gina web <a href=\"http:\/\/www.agenciacomma.com\">agenciacomma.com<\/a> ni sobre los Contenidos y\/o Servicios de la misma.<\/li>\n \t<li>A excepci\u00f3n del hiperv\u00ednculo, el sitio web en el que se establezca dicho enlace no contendr\u00e1 ning\u00fan elemento de la p\u00e1gina web <a href=\"http:\/\/www.agenciacomma.com\">agenciacomma.com<\/a> protegido como propiedad intelectual por el ordenamiento jur\u00eddico espa\u00f1ol, salvo que se disponga de autorizaci\u00f3n expresa de SAB comunicaci\u00f3n empresarial, s.l.<\/li>\n \t<li>La presencia del hiperv\u00ednculo no implica la existencia de relaci\u00f3n entre SAB comunicaci\u00f3n empresarial, s.l. y el titular del sitio web desde el cual se realice, ni el conocimiento o aceptaci\u00f3n por parte de SAB comunicaci\u00f3n empresarial, s.l. de los contenidos, servicios y\/o actividades ofrecidos en dicho sitio web, y viceversa.<\/li>\n<\/ul>\n<h2><strong>Legislaci\u00f3n aplicable y jurisdicci\u00f3n<\/strong><\/h2>\nSAB comunicaci\u00f3n empresarial, s.l. se reserva el derecho a presentar las acciones civiles o penales que considere necesarias por la utilizaci\u00f3n indebida de la p\u00e1gina web <a href=\"http:\/\/www.agenciacomma.com\">www.agenciacomma.com<\/a>, o por el incumplimiento de cualquiera de Condiciones de uso de esta.\n\nLa relaci\u00f3n entre el Usuario de la p\u00e1gina web y SAB comunicaci\u00f3n empresarial, s.l. se regir\u00e1 por la normativa vigente y de aplicaci\u00f3n en el territorio espa\u00f1ol. De surgir cualquier controversia con relaci\u00f3n a la interpretaci\u00f3n y\/o a la aplicaci\u00f3n de estas Condiciones, las partes someter\u00e1n sus conflictos a la jurisdicci\u00f3n ordinaria someti\u00e9ndose a los jueces y tribunales que correspondan conforme a derecho.\t\t\t\t\t\t\t\t<\/div>\n\t\t\t\t<\/div>\n\t\t\t\t<\/div>\n\t\t\t\t<\/div>\n\t\t<div class=\"gsp_post_data\" \r\n\t            data-post_type=\"page\" \r\n\t            data-cat=\"\" \r\n\t            data-modified=\"120\"\r\n\t            data-created=\"1696589939\"\r\n\t            data-title=\"Aviso legal\" \r\n\t            data-home=\"https:\/\/agenciacomma.com\/en\/\"><\/div>","protected":false},"excerpt":{"rendered":"<p>Aviso legal En cumplimiento con el deber de informaci\u00f3n dispuesto en la Ley 34\/2002 de Servicios de la Sociedad de la Informaci\u00f3n y el Comercio Electr\u00f3nico (LSSI-CE) de 11 de julio, se facilitan a continuaci\u00f3n los siguientes datos de informaci\u00f3n general de esta p\u00e1gina web web: La titularidad de la p\u00e1gina web es de SAB [&hellip;]<\/p>\n","protected":false},"author":37,"featured_media":0,"parent":0,"menu_order":90,"comment_status":"closed","ping_status":"closed","template":"","meta":{"inline_featured_image":false,"footnotes":""},"class_list":["post-28137","page","type-page","status-publish","hentry"],"yoast_head":"<!-- This site is optimized with the Yoast SEO plugin v27.2 - https:\/\/yoast.com\/product\/yoast-seo-wordpress\/ -->\n<title>Aviso legal - Agencia comma<\/title>\n<meta name=\"robots\" content=\"noindex, nofollow\" \/>\n<meta property=\"og:locale\" content=\"en_US\" \/>\n<meta property=\"og:type\" content=\"article\" \/>\n<meta property=\"og:title\" content=\"Aviso legal - Agencia comma\" \/>\n<meta property=\"og:description\" content=\"Aviso legal En cumplimiento con el deber de informaci\u00f3n dispuesto en la Ley 34\/2002 de Servicios de la Sociedad de la Informaci\u00f3n y el Comercio Electr\u00f3nico (LSSI-CE) de 11 de julio, se facilitan a continuaci\u00f3n los siguientes datos de informaci\u00f3n general de esta p\u00e1gina web web: La titularidad de la p\u00e1gina web es de SAB [&hellip;]\" \/>\n<meta property=\"og:url\" content=\"https:\/\/agenciacomma.com\/en\/legal\/\" \/>\n<meta property=\"og:site_name\" content=\"Agencia comma\" \/>\n<meta property=\"article:publisher\" content=\"https:\/\/www.facebook.com\/commaagencia\" \/>\n<meta property=\"article:modified_time\" content=\"2023-10-06T09:13:14+00:00\" \/>\n<meta name=\"twitter:card\" content=\"summary_large_image\" \/>\n<meta name=\"twitter:site\" content=\"@agencia_comma\" \/>\n<meta name=\"twitter:label1\" content=\"Est. reading time\" \/>\n\t<meta name=\"twitter:data1\" content=\"10 minutes\" \/>\n<script type=\"application\/ld+json\" class=\"yoast-schema-graph\">{\"@context\":\"https:\/\/schema.org\",\"@graph\":[{\"@type\":\"WebPage\",\"@id\":\"https:\/\/agenciacomma.com\/en\/legal\/\",\"url\":\"https:\/\/agenciacomma.com\/en\/legal\/\",\"name\":\"Aviso legal - Agencia comma\",\"isPartOf\":{\"@id\":\"https:\/\/agenciacomma.com\/en\/#website\"},\"datePublished\":\"2023-10-06T08:58:59+00:00\",\"dateModified\":\"2023-10-06T09:13:14+00:00\",\"breadcrumb\":{\"@id\":\"https:\/\/agenciacomma.com\/en\/legal\/#breadcrumb\"},\"inLanguage\":\"en-US\",\"potentialAction\":[{\"@type\":\"ReadAction\",\"target\":[\"https:\/\/agenciacomma.com\/en\/legal\/\"]}]},{\"@type\":\"BreadcrumbList\",\"@id\":\"https:\/\/agenciacomma.com\/en\/legal\/#breadcrumb\",\"itemListElement\":[{\"@type\":\"ListItem\",\"position\":1,\"name\":\"Portada\",\"item\":\"https:\/\/agenciacomma.com\/en\/landing-corporate-2\/\"},{\"@type\":\"ListItem\",\"position\":2,\"name\":\"Aviso legal\"}]},{\"@type\":\"WebSite\",\"@id\":\"https:\/\/agenciacomma.com\/en\/#website\",\"url\":\"https:\/\/agenciacomma.com\/en\/\",\"name\":\"Agencia comma\",\"description\":\"Agencia de comunicaci\u00f3n\",\"publisher\":{\"@id\":\"https:\/\/agenciacomma.com\/en\/#organization\"},\"potentialAction\":[{\"@type\":\"SearchAction\",\"target\":{\"@type\":\"EntryPoint\",\"urlTemplate\":\"https:\/\/agenciacomma.com\/en\/?s={search_term_string}\"},\"query-input\":{\"@type\":\"PropertyValueSpecification\",\"valueRequired\":true,\"valueName\":\"search_term_string\"}}],\"inLanguage\":\"en-US\"},{\"@type\":\"Organization\",\"@id\":\"https:\/\/agenciacomma.com\/en\/#organization\",\"name\":\"Agencia comma\",\"url\":\"https:\/\/agenciacomma.com\/en\/\",\"logo\":{\"@type\":\"ImageObject\",\"inLanguage\":\"en-US\",\"@id\":\"https:\/\/agenciacomma.com\/en\/#\/schema\/logo\/image\/\",\"url\":\"https:\/\/agenciacomma.com\/wp-content\/uploads\/2023\/06\/comma-logo.svg\",\"contentUrl\":\"https:\/\/agenciacomma.com\/wp-content\/uploads\/2023\/06\/comma-logo.svg\",\"width\":101,\"height\":17,\"caption\":\"Agencia comma\"},\"image\":{\"@id\":\"https:\/\/agenciacomma.com\/en\/#\/schema\/logo\/image\/\"},\"sameAs\":[\"https:\/\/www.facebook.com\/commaagencia\",\"https:\/\/x.com\/agencia_comma\",\"https:\/\/www.instagram.com\/agencia_comma\/\",\"https:\/\/www.linkedin.com\/company\/agenciacomma\/\",\"https:\/\/www.pinterest.es\/agencia_comma\/\",\"https:\/\/www.youtube.com\/channel\/UCr2YTeMuokxv1S8z7dTqTYg\"]}]}<\/script>\n<!-- \/ Yoast SEO plugin. -->","yoast_head_json":{"title":"Aviso legal - Agencia comma","robots":{"index":"noindex","follow":"nofollow"},"og_locale":"en_US","og_type":"article","og_title":"Aviso legal - Agencia comma","og_description":"Aviso legal En cumplimiento con el deber de informaci\u00f3n dispuesto en la Ley 34\/2002 de Servicios de la Sociedad de la Informaci\u00f3n y el Comercio Electr\u00f3nico (LSSI-CE) de 11 de julio, se facilitan a continuaci\u00f3n los siguientes datos de informaci\u00f3n general de esta p\u00e1gina web web: La titularidad de la p\u00e1gina web es de SAB [&hellip;]","og_url":"https:\/\/agenciacomma.com\/en\/legal\/","og_site_name":"Agencia comma","article_publisher":"https:\/\/www.facebook.com\/commaagencia","article_modified_time":"2023-10-06T09:13:14+00:00","twitter_card":"summary_large_image","twitter_site":"@agencia_comma","twitter_misc":{"Est. reading time":"10 minutes"},"schema":{"@context":"https:\/\/schema.org","@graph":[{"@type":"WebPage","@id":"https:\/\/agenciacomma.com\/en\/legal\/","url":"https:\/\/agenciacomma.com\/en\/legal\/","name":"Aviso legal - Agencia comma","isPartOf":{"@id":"https:\/\/agenciacomma.com\/en\/#website"},"datePublished":"2023-10-06T08:58:59+00:00","dateModified":"2023-10-06T09:13:14+00:00","breadcrumb":{"@id":"https:\/\/agenciacomma.com\/en\/legal\/#breadcrumb"},"inLanguage":"en-US","potentialAction":[{"@type":"ReadAction","target":["https:\/\/agenciacomma.com\/en\/legal\/"]}]},{"@type":"BreadcrumbList","@id":"https:\/\/agenciacomma.com\/en\/legal\/#breadcrumb","itemListElement":[{"@type":"ListItem","position":1,"name":"Portada","item":"https:\/\/agenciacomma.com\/en\/landing-corporate-2\/"},{"@type":"ListItem","position":2,"name":"Aviso legal"}]},{"@type":"WebSite","@id":"https:\/\/agenciacomma.com\/en\/#website","url":"https:\/\/agenciacomma.com\/en\/","name":"Agencia comma","description":"Agencia de comunicaci\u00f3n","publisher":{"@id":"https:\/\/agenciacomma.com\/en\/#organization"},"potentialAction":[{"@type":"SearchAction","target":{"@type":"EntryPoint","urlTemplate":"https:\/\/agenciacomma.com\/en\/?s={search_term_string}"},"query-input":{"@type":"PropertyValueSpecification","valueRequired":true,"valueName":"search_term_string"}}],"inLanguage":"en-US"},{"@type":"Organization","@id":"https:\/\/agenciacomma.com\/en\/#organization","name":"Agencia comma","url":"https:\/\/agenciacomma.com\/en\/","logo":{"@type":"ImageObject","inLanguage":"en-US","@id":"https:\/\/agenciacomma.com\/en\/#\/schema\/logo\/image\/","url":"https:\/\/agenciacomma.com\/wp-content\/uploads\/2023\/06\/comma-logo.svg","contentUrl":"https:\/\/agenciacomma.com\/wp-content\/uploads\/2023\/06\/comma-logo.svg","width":101,"height":17,"caption":"Agencia comma"},"image":{"@id":"https:\/\/agenciacomma.com\/en\/#\/schema\/logo\/image\/"},"sameAs":["https:\/\/www.facebook.com\/commaagencia","https:\/\/x.com\/agencia_comma","https:\/\/www.instagram.com\/agencia_comma\/","https:\/\/www.linkedin.com\/company\/agenciacomma\/","https:\/\/www.pinterest.es\/agencia_comma\/","https:\/\/www.youtube.com\/channel\/UCr2YTeMuokxv1S8z7dTqTYg"]}]}},"_links":{"self":[{"href":"https:\/\/agenciacomma.com\/en\/wp-json\/wp\/v2\/pages\/28137","targetHints":{"allow":["GET"]}}],"collection":[{"href":"https:\/\/agenciacomma.com\/en\/wp-json\/wp\/v2\/pages"}],"about":[{"href":"https:\/\/agenciacomma.com\/en\/wp-json\/wp\/v2\/types\/page"}],"author":[{"embeddable":true,"href":"https:\/\/agenciacomma.com\/en\/wp-json\/wp\/v2\/users\/37"}],"replies":[{"embeddable":true,"href":"https:\/\/agenciacomma.com\/en\/wp-json\/wp\/v2\/comments?post=28137"}],"version-history":[{"count":3,"href":"https:\/\/agenciacomma.com\/en\/wp-json\/wp\/v2\/pages\/28137\/revisions"}],"predecessor-version":[{"id":28146,"href":"https:\/\/agenciacomma.com\/en\/wp-json\/wp\/v2\/pages\/28137\/revisions\/28146"}],"wp:attachment":[{"href":"https:\/\/agenciacomma.com\/en\/wp-json\/wp\/v2\/media?parent=28137"}],"curies":[{"name":"wp","href":"https:\/\/api.w.org\/{rel}","templated":true}]}}