{"id":28313,"date":"2023-10-11T16:09:42","date_gmt":"2023-10-11T14:09:42","guid":{"rendered":"https:\/\/agenciacomma.com\/media-relations\/mutualidad-abogacia-case-study\/"},"modified":"2023-10-11T16:09:42","modified_gmt":"2023-10-11T14:09:42","slug":"mutualidad-abogacia-case-study","status":"publish","type":"page","link":"https:\/\/agenciacomma.com\/en\/media-relations\/mutualidad-abogacia-case-study\/","title":{"rendered":"Mutualidad Abogac\u00eda &#8211; Case Study"},"content":{"rendered":"\t\t<div data-elementor-type=\"wp-page\" data-elementor-id=\"28313\" class=\"elementor elementor-28313 elementor-27035\" data-elementor-post-type=\"page\">\n\t\t\t\t<div class=\"elementor-element elementor-element-2657dde8 e-con-full marquee-container e-flex e-con e-parent\" data-id=\"2657dde8\" data-element_type=\"container\" data-e-type=\"container\" data-settings=\"{&quot;background_background&quot;:&quot;classic&quot;}\">\n\t\t\t\t<div class=\"elementor-element elementor-element-4a64feff elementor-widget elementor-widget-template\" data-id=\"4a64feff\" data-element_type=\"widget\" data-e-type=\"widget\" data-widget_type=\"template.default\">\n\t\t\t\t<div class=\"elementor-widget-container\">\n\t\t\t\t\t\t\t<div class=\"elementor-template\">\n\t\t\t\t\t<div data-elementor-type=\"container\" data-elementor-id=\"28170\" class=\"elementor elementor-28170 elementor-24047 elementor-24047\" data-elementor-post-type=\"elementor_library\">\n\t\t\t\t<a class=\"elementor-element elementor-element-2187cb94 e-con-full marquee-container e-flex e-con e-parent\" data-id=\"2187cb94\" data-element_type=\"container\" data-e-type=\"container\" data-settings=\"{&quot;background_background&quot;:&quot;classic&quot;}\" href=\"https:\/\/agenciacomma.com\/en\/contact\/\">\n\t\t\t\t<div class=\"elementor-element elementor-element-75421366 elementor-widget elementor-widget-html\" data-id=\"75421366\" data-element_type=\"widget\" data-e-type=\"widget\" data-widget_type=\"html.default\">\n\t\t\t\t<div class=\"elementor-widget-container\">\n\t\t\t\t\t<div class=\"marquee-element\">\n    <ul class=\"marquee-content\">\n        <li class=\"marquee-item\">&nbsp;TRANSFORM YOUR ORGANIZATION'S COMMUNICATION WITH COMMA - <\/li>\n        <li class=\"marquee-item\">&nbsp;TRANSFORM YOUR ORGANIZATION'S COMMUNICATION WITH COMMA - <\/li>\n        <li class=\"marquee-item\">&nbsp;TRANSFORM YOUR ORGANIZATION'S COMMUNICATION WITH COMMA - <\/li>\n        <li class=\"marquee-item\">&nbsp;TRANSFORM YOUR ORGANIZATION'S COMMUNICATION WITH COMMA - <\/li>\n        <li class=\"marquee-item\">&nbsp;TRANSFORM YOUR ORGANIZATION'S COMMUNICATION WITH COMMA - <\/li>\n        <li class=\"marquee-item\">&nbsp;TRANSFORM YOUR ORGANIZATION'S COMMUNICATION WITH COMMA - <\/li>\n        <li class=\"marquee-item\">&nbsp;TRANSFORM YOUR ORGANIZATION'S COMMUNICATION WITH COMMA - <\/li>\n        <li class=\"marquee-item\">&nbsp;TRANSFORM YOUR ORGANIZATION'S COMMUNICATION WITH COMMA - <\/li>\n        <li class=\"marquee-item\">&nbsp;TRANSFORM YOUR ORGANIZATION'S COMMUNICATION WITH COMMA - <\/li>\n        <li class=\"marquee-item\">&nbsp;TRANSFORM YOUR ORGANIZATION'S COMMUNICATION WITH COMMA - <\/li>\n        <li class=\"marquee-item\">&nbsp;TRANSFORM YOUR ORGANIZATION'S COMMUNICATION WITH COMMA - <\/li>\n        <li class=\"marquee-item\">&nbsp;TRANSFORM YOUR ORGANIZATION'S COMMUNICATION WITH COMMA - <\/li>\n        \n        <!--  Repeated marquee items -->\n        <li class=\"marquee-item\">&nbsp;TRANSFORM YOUR ORGANIZATION'S COMMUNICATION WITH COMMA - <\/li>\n        <li class=\"marquee-item\">&nbsp;TRANSFORM YOUR ORGANIZATION'S COMMUNICATION WITH COMMA - <\/li>\n        <li class=\"marquee-item\">&nbsp;TRANSFORM YOUR ORGANIZATION'S COMMUNICATION WITH COMMA - <\/li>\n        <li class=\"marquee-item\">&nbsp;TRANSFORM YOUR ORGANIZATION'S COMMUNICATION WITH COMMA - <\/li>\n        <li class=\"marquee-item\">&nbsp;TRANSFORM YOUR ORGANIZATION'S COMMUNICATION WITH COMMA - <\/li>\n        <li class=\"marquee-item\">&nbsp;TRANSFORM YOUR ORGANIZATION'S COMMUNICATION WITH COMMA - <\/li>\n        <li class=\"marquee-item\">&nbsp;TRANSFORM YOUR ORGANIZATION'S COMMUNICATION WITH COMMA - <\/li>\n        <li class=\"marquee-item\">&nbsp;TRANSFORM YOUR ORGANIZATION'S COMMUNICATION WITH COMMA - <\/li>\n        <li class=\"marquee-item\">&nbsp;TRANSFORM YOUR ORGANIZATION'S COMMUNICATION WITH COMMA - <\/li>\n        <li class=\"marquee-item\">&nbsp;TRANSFORM YOUR ORGANIZATION'S COMMUNICATION WITH COMMA - <\/li>\n        <li class=\"marquee-item\">&nbsp;TRANSFORM YOUR ORGANIZATION'S COMMUNICATION WITH COMMA - <\/li>\n        <li class=\"marquee-item\">&nbsp;TRANSFORM YOUR ORGANIZATION'S COMMUNICATION WITH COMMA - <\/li>\n    <\/ul>\n<\/div>\t\t\t\t<\/div>\n\t\t\t\t<\/div>\n\t\t\t\t<\/a>\n\t\t\t\t<\/div>\n\t\t\t\t<\/div>\n\t\t\t\t\t\t<\/div>\n\t\t\t\t<\/div>\n\t\t\t\t<\/div>\n\t\t<div class=\"elementor-element elementor-element-631e5d6e e-con-full e-flex e-con e-parent\" data-id=\"631e5d6e\" data-element_type=\"container\" data-e-type=\"container\">\n\t\t\t\t<div class=\"elementor-element elementor-element-1d2a1073 img-cover elementor-widget elementor-widget-image\" data-id=\"1d2a1073\" data-element_type=\"widget\" data-e-type=\"widget\" data-widget_type=\"image.default\">\n\t\t\t\t<div class=\"elementor-widget-container\">\n\t\t\t\t\t\t\t\t\t\t\t\t\t\t\t<img decoding=\"async\" data-src=\"https:\/\/agenciacomma.com\/wp-content\/uploads\/mutualidad.jpg\" title=\"\" alt=\"\" src=\"data:image\/svg+xml;base64,PHN2ZyB3aWR0aD0iMSIgaGVpZ2h0PSIxIiB4bWxucz0iaHR0cDovL3d3dy53My5vcmcvMjAwMC9zdmciPjwvc3ZnPg==\" class=\"lazyload\" style=\"--smush-placeholder-width: 1920px; --smush-placeholder-aspect-ratio: 1920\/750;\" \/>\t\t\t\t\t\t\t\t\t\t\t\t\t\t\t<\/div>\n\t\t\t\t<\/div>\n\t\t\t\t<\/div>\n\t\t<div class=\"elementor-element elementor-element-48f9e0f4 e-con-full e-flex e-con e-parent\" data-id=\"48f9e0f4\" data-element_type=\"container\" data-e-type=\"container\" data-settings=\"{&quot;background_background&quot;:&quot;classic&quot;}\">\n\t\t<div class=\"elementor-element elementor-element-5bbade71 e-con-full e-flex e-con e-parent\" data-id=\"5bbade71\" data-element_type=\"container\" data-e-type=\"container\">\n\t\t\t\t<div class=\"elementor-element elementor-element-213172e3 elementor-widget elementor-widget-text-editor\" data-id=\"213172e3\" data-element_type=\"widget\" data-e-type=\"widget\" data-widget_type=\"text-editor.default\">\n\t\t\t\t<div class=\"elementor-widget-container\">\n\t\t\t\t\t\t\t\t\t<p>Media relations<\/p>\n\t\t\t\t\t\t\t\t<\/div>\n\t\t\t\t<\/div>\n\t\t\t\t<div class=\"elementor-element elementor-element-6bd6fe38 elementor-invisible elementor-widget elementor-widget-heading\" data-id=\"6bd6fe38\" data-element_type=\"widget\" data-e-type=\"widget\" data-settings=\"{&quot;_animation&quot;:&quot;fadeIn&quot;}\" data-widget_type=\"heading.default\">\n\t\t\t\t<div class=\"elementor-widget-container\">\n\t\t\t\t\t<h1 class=\"elementor-heading-title elementor-size-default\">Mutualidad Abogac\u00eda<\/h1>\t\t\t\t<\/div>\n\t\t\t\t<\/div>\n\t\t\t\t<\/div>\n\t\t<div class=\"elementor-element elementor-element-3bee9571 e-con-full e-flex e-con e-parent\" data-id=\"3bee9571\" data-element_type=\"container\" data-e-type=\"container\">\n\t\t\t\t<div class=\"elementor-element elementor-element-3cd1b1f elementor-widget elementor-widget-image\" data-id=\"3cd1b1f\" data-element_type=\"widget\" data-e-type=\"widget\" data-widget_type=\"image.default\">\n\t\t\t\t<div class=\"elementor-widget-container\">\n\t\t\t\t\t\t\t\t\t\t\t\t\t\t\t<img fetchpriority=\"high\" decoding=\"async\" width=\"445\" height=\"113\" src=\"https:\/\/agenciacomma.com\/wp-content\/uploads\/mutualidad-logo.png\" class=\"attachment-full size-full wp-image-27376\" alt=\"\" srcset=\"https:\/\/agenciacomma.com\/wp-content\/uploads\/\/mutualidad-logo.png 445w, https:\/\/agenciacomma.com\/wp-content\/uploads\/\/mutualidad-logo-300x76.png 300w\" sizes=\"(max-width: 445px) 100vw, 445px\" \/>\t\t\t\t\t\t\t\t\t\t\t\t\t\t\t<\/div>\n\t\t\t\t<\/div>\n\t\t\t\t<\/div>\n\t\t\t\t<\/div>\n\t\t<div class=\"elementor-element elementor-element-5b272c83 e-con-full e-flex e-con e-parent\" data-id=\"5b272c83\" data-element_type=\"container\" data-e-type=\"container\">\n\t\t<div class=\"elementor-element elementor-element-479f4f8a e-con-full e-flex e-con e-parent\" data-id=\"479f4f8a\" data-element_type=\"container\" data-e-type=\"container\">\n\t\t\t\t<div class=\"elementor-element elementor-element-592c5510 elementor-widget elementor-widget-text-editor\" data-id=\"592c5510\" data-element_type=\"widget\" data-e-type=\"widget\" data-widget_type=\"text-editor.default\">\n\t\t\t\t<div class=\"elementor-widget-container\">\n\t\t\t\t\t\t\t\t\t<p>Objective<\/p>\n\t\t\t\t\t\t\t\t<\/div>\n\t\t\t\t<\/div>\n\t\t\t\t<div class=\"elementor-element elementor-element-1b530a89 elementor-widget__width-inherit elementor-widget-tablet__width-inherit elementor-widget elementor-widget-text-editor\" data-id=\"1b530a89\" data-element_type=\"widget\" data-e-type=\"widget\" data-widget_type=\"text-editor.default\">\n\t\t\t\t<div class=\"elementor-widget-container\">\n\t\t\t\t\t\t\t\t\t<p>To position the Mutualidad Abogac\u00eda Group as an insurance company recognized in the media for its social and sustainable commitment. To this end, a quantitative base objective was established: 30% of media coverage should be linked or related to these aspects, giving visibility to the group&#8217;s multifaceted approach (business, financial and social) and positioning the different spokespersons of the entity with experience in these issues.<\/p>\n\t\t\t\t\t\t\t\t<\/div>\n\t\t\t\t<\/div>\n\t\t\t\t<\/div>\n\t\t<div class=\"elementor-element elementor-element-24e8f678 e-con-full e-flex e-con e-parent\" data-id=\"24e8f678\" data-element_type=\"container\" data-e-type=\"container\">\n\t\t\t\t<div class=\"elementor-element elementor-element-8f87cd5 elementor-widget elementor-widget-text-editor\" data-id=\"8f87cd5\" data-element_type=\"widget\" data-e-type=\"widget\" data-widget_type=\"text-editor.default\">\n\t\t\t\t<div class=\"elementor-widget-container\">\n\t\t\t\t\t\t\t\t\t<p>Actions<\/p>\n\t\t\t\t\t\t\t\t<\/div>\n\t\t\t\t<\/div>\n\t\t\t\t<div class=\"elementor-element elementor-element-31c5f172 elementor-widget__width-inherit elementor-widget-tablet__width-inherit elementor-widget elementor-widget-text-editor\" data-id=\"31c5f172\" data-element_type=\"widget\" data-e-type=\"widget\" data-widget_type=\"text-editor.default\">\n\t\t\t\t<div class=\"elementor-widget-container\">\n\t\t\t\t\t\t\t\t\t<p>The central axis of the strategy was based on building relationships with journalists and other public relations actions based on the alignment of the group and its projects and initiatives with the Sustainable Development Goals of the UN Agenda 2030, which we used as a reference to measure the achievement of the base objective.<\/p>\n\t\t\t\t\t\t\t\t<\/div>\n\t\t\t\t<\/div>\n\t\t\t\t<\/div>\n\t\t<div class=\"elementor-element elementor-element-36af37b3 e-con-full e-flex e-con e-parent\" data-id=\"36af37b3\" data-element_type=\"container\" data-e-type=\"container\">\n\t\t\t\t<div class=\"elementor-element elementor-element-16476706 elementor-widget elementor-widget-text-editor\" data-id=\"16476706\" data-element_type=\"widget\" data-e-type=\"widget\" data-widget_type=\"text-editor.default\">\n\t\t\t\t<div class=\"elementor-widget-container\">\n\t\t\t\t\t\t\t\t\t<p>Results<\/p>\n\t\t\t\t\t\t\t\t<\/div>\n\t\t\t\t<\/div>\n\t\t\t\t<div class=\"elementor-element elementor-element-1636e42f elementor-widget__width-inherit elementor-widget-tablet__width-inherit elementor-widget elementor-widget-text-editor\" data-id=\"1636e42f\" data-element_type=\"widget\" data-e-type=\"widget\" data-widget_type=\"text-editor.default\">\n\t\t\t\t<div class=\"elementor-widget-container\">\n\t\t\t\t\t\t\t\t\t<p>We obtained 33% coverage linked to one or more UN SDGs (up to 7 different ones) in both financial and specialized and general press. The positioning of Grupo Mutualidad Abogac\u00eda in terms of sustainability and social commitment reached all its key audiences through the spokespersonship of up to 7 of its experts with whom we carried out a total of 28 qualitative actions (interviews and background, collaborations and opinion forums).<\/p>\n\t\t\t\t\t\t\t\t<\/div>\n\t\t\t\t<\/div>\n\t\t\t\t<\/div>\n\t\t\t\t<\/div>\n\t\t\t\t<\/div>\n\t\t<div class=\"gsp_post_data\" \r\n\t            data-post_type=\"page\" \r\n\t            data-cat=\"\" \r\n\t            data-modified=\"120\"\r\n\t            data-created=\"1697040582\"\r\n\t            data-title=\"Mutualidad Abogac\u00eda &#8211; Case Study\" \r\n\t            data-home=\"https:\/\/agenciacomma.com\/en\/\"><\/div>","protected":false},"excerpt":{"rendered":"<p>Media relations Mutualidad Abogac\u00eda Objective To position the Mutualidad Abogac\u00eda Group as an insurance company recognized in the media for its social and sustainable commitment. To this end, a quantitative base objective was established: 30% of media coverage should be linked or related to these aspects, giving visibility to the group&#8217;s multifaceted approach (business, financial [&hellip;]<\/p>\n","protected":false},"author":37,"featured_media":0,"parent":28121,"menu_order":233,"comment_status":"closed","ping_status":"closed","template":"","meta":{"inline_featured_image":false,"footnotes":""},"class_list":["post-28313","page","type-page","status-publish","hentry"],"yoast_head":"<!-- This site is optimized with the Yoast SEO plugin v27.2 - https:\/\/yoast.com\/product\/yoast-seo-wordpress\/ -->\n<title>Mutualidad Abogac\u00eda Case Study - Agencia comma<\/title>\n<meta name=\"robots\" content=\"index, follow, max-snippet:-1, max-image-preview:large, max-video-preview:-1\" \/>\n<link rel=\"canonical\" href=\"https:\/\/agenciacomma.com\/en\/media-relations\/mutualidad-abogacia-case-study\/\" \/>\n<meta property=\"og:locale\" content=\"en_US\" \/>\n<meta property=\"og:type\" content=\"article\" \/>\n<meta property=\"og:title\" content=\"Mutualidad Abogac\u00eda Case Study - Agencia comma\" \/>\n<meta property=\"og:description\" content=\"Media relations Mutualidad Abogac\u00eda Objective To position the Mutualidad Abogac\u00eda Group as an insurance company recognized in the media for its social and sustainable commitment. To this end, a quantitative base objective was established: 30% of media coverage should be linked or related to these aspects, giving visibility to the group&#8217;s multifaceted approach (business, financial [&hellip;]\" \/>\n<meta property=\"og:url\" content=\"https:\/\/agenciacomma.com\/en\/media-relations\/mutualidad-abogacia-case-study\/\" \/>\n<meta property=\"og:site_name\" content=\"Agencia comma\" \/>\n<meta property=\"article:publisher\" content=\"https:\/\/www.facebook.com\/commaagencia\" \/>\n<meta property=\"og:image\" content=\"https:\/\/agenciacomma.com\/wp-content\/uploads\/mutualidad.jpg\" \/>\n<meta name=\"twitter:card\" content=\"summary_large_image\" \/>\n<meta name=\"twitter:site\" content=\"@agencia_comma\" \/>\n<meta name=\"twitter:label1\" content=\"Est. reading time\" \/>\n\t<meta name=\"twitter:data1\" content=\"1 minute\" \/>\n<script type=\"application\/ld+json\" class=\"yoast-schema-graph\">{\"@context\":\"https:\/\/schema.org\",\"@graph\":[{\"@type\":\"WebPage\",\"@id\":\"https:\/\/agenciacomma.com\/en\/media-relations\/mutualidad-abogacia-case-study\/\",\"url\":\"https:\/\/agenciacomma.com\/en\/media-relations\/mutualidad-abogacia-case-study\/\",\"name\":\"Mutualidad Abogac\u00eda Case Study - Agencia comma\",\"isPartOf\":{\"@id\":\"https:\/\/agenciacomma.com\/en\/#website\"},\"primaryImageOfPage\":{\"@id\":\"https:\/\/agenciacomma.com\/en\/media-relations\/mutualidad-abogacia-case-study\/#primaryimage\"},\"image\":{\"@id\":\"https:\/\/agenciacomma.com\/en\/media-relations\/mutualidad-abogacia-case-study\/#primaryimage\"},\"thumbnailUrl\":\"https:\/\/agenciacomma.com\/wp-content\/uploads\/mutualidad.jpg\",\"datePublished\":\"2023-10-11T14:09:42+00:00\",\"breadcrumb\":{\"@id\":\"https:\/\/agenciacomma.com\/en\/media-relations\/mutualidad-abogacia-case-study\/#breadcrumb\"},\"inLanguage\":\"en-US\",\"potentialAction\":[{\"@type\":\"ReadAction\",\"target\":[\"https:\/\/agenciacomma.com\/en\/media-relations\/mutualidad-abogacia-case-study\/\"]}]},{\"@type\":\"ImageObject\",\"inLanguage\":\"en-US\",\"@id\":\"https:\/\/agenciacomma.com\/en\/media-relations\/mutualidad-abogacia-case-study\/#primaryimage\",\"url\":\"https:\/\/agenciacomma.com\/wp-content\/uploads\/mutualidad.jpg\",\"contentUrl\":\"https:\/\/agenciacomma.com\/wp-content\/uploads\/mutualidad.jpg\"},{\"@type\":\"BreadcrumbList\",\"@id\":\"https:\/\/agenciacomma.com\/en\/media-relations\/mutualidad-abogacia-case-study\/#breadcrumb\",\"itemListElement\":[{\"@type\":\"ListItem\",\"position\":1,\"name\":\"Portada\",\"item\":\"https:\/\/agenciacomma.com\/en\/landing-corporate-2\/\"},{\"@type\":\"ListItem\",\"position\":2,\"name\":\"Media relations\",\"item\":\"https:\/\/agenciacomma.com\/en\/media-relations\/\"},{\"@type\":\"ListItem\",\"position\":3,\"name\":\"Mutualidad Abogac\u00eda &#8211; Case Study\"}]},{\"@type\":\"WebSite\",\"@id\":\"https:\/\/agenciacomma.com\/en\/#website\",\"url\":\"https:\/\/agenciacomma.com\/en\/\",\"name\":\"Agencia comma\",\"description\":\"Agencia de comunicaci\u00f3n\",\"publisher\":{\"@id\":\"https:\/\/agenciacomma.com\/en\/#organization\"},\"potentialAction\":[{\"@type\":\"SearchAction\",\"target\":{\"@type\":\"EntryPoint\",\"urlTemplate\":\"https:\/\/agenciacomma.com\/en\/?s={search_term_string}\"},\"query-input\":{\"@type\":\"PropertyValueSpecification\",\"valueRequired\":true,\"valueName\":\"search_term_string\"}}],\"inLanguage\":\"en-US\"},{\"@type\":\"Organization\",\"@id\":\"https:\/\/agenciacomma.com\/en\/#organization\",\"name\":\"Agencia comma\",\"url\":\"https:\/\/agenciacomma.com\/en\/\",\"logo\":{\"@type\":\"ImageObject\",\"inLanguage\":\"en-US\",\"@id\":\"https:\/\/agenciacomma.com\/en\/#\/schema\/logo\/image\/\",\"url\":\"https:\/\/agenciacomma.com\/wp-content\/uploads\/2023\/06\/comma-logo.svg\",\"contentUrl\":\"https:\/\/agenciacomma.com\/wp-content\/uploads\/2023\/06\/comma-logo.svg\",\"width\":101,\"height\":17,\"caption\":\"Agencia comma\"},\"image\":{\"@id\":\"https:\/\/agenciacomma.com\/en\/#\/schema\/logo\/image\/\"},\"sameAs\":[\"https:\/\/www.facebook.com\/commaagencia\",\"https:\/\/x.com\/agencia_comma\",\"https:\/\/www.instagram.com\/agencia_comma\/\",\"https:\/\/www.linkedin.com\/company\/agenciacomma\/\",\"https:\/\/www.pinterest.es\/agencia_comma\/\",\"https:\/\/www.youtube.com\/channel\/UCr2YTeMuokxv1S8z7dTqTYg\"]}]}<\/script>\n<!-- \/ Yoast SEO plugin. -->","yoast_head_json":{"title":"Mutualidad Abogac\u00eda Case Study - Agencia comma","robots":{"index":"index","follow":"follow","max-snippet":"max-snippet:-1","max-image-preview":"max-image-preview:large","max-video-preview":"max-video-preview:-1"},"canonical":"https:\/\/agenciacomma.com\/en\/media-relations\/mutualidad-abogacia-case-study\/","og_locale":"en_US","og_type":"article","og_title":"Mutualidad Abogac\u00eda Case Study - Agencia comma","og_description":"Media relations Mutualidad Abogac\u00eda Objective To position the Mutualidad Abogac\u00eda Group as an insurance company recognized in the media for its social and sustainable commitment. To this end, a quantitative base objective was established: 30% of media coverage should be linked or related to these aspects, giving visibility to the group&#8217;s multifaceted approach (business, financial [&hellip;]","og_url":"https:\/\/agenciacomma.com\/en\/media-relations\/mutualidad-abogacia-case-study\/","og_site_name":"Agencia comma","article_publisher":"https:\/\/www.facebook.com\/commaagencia","og_image":[{"url":"https:\/\/agenciacomma.com\/wp-content\/uploads\/mutualidad.jpg","type":"","width":"","height":""}],"twitter_card":"summary_large_image","twitter_site":"@agencia_comma","twitter_misc":{"Est. reading time":"1 minute"},"schema":{"@context":"https:\/\/schema.org","@graph":[{"@type":"WebPage","@id":"https:\/\/agenciacomma.com\/en\/media-relations\/mutualidad-abogacia-case-study\/","url":"https:\/\/agenciacomma.com\/en\/media-relations\/mutualidad-abogacia-case-study\/","name":"Mutualidad Abogac\u00eda Case Study - Agencia comma","isPartOf":{"@id":"https:\/\/agenciacomma.com\/en\/#website"},"primaryImageOfPage":{"@id":"https:\/\/agenciacomma.com\/en\/media-relations\/mutualidad-abogacia-case-study\/#primaryimage"},"image":{"@id":"https:\/\/agenciacomma.com\/en\/media-relations\/mutualidad-abogacia-case-study\/#primaryimage"},"thumbnailUrl":"https:\/\/agenciacomma.com\/wp-content\/uploads\/mutualidad.jpg","datePublished":"2023-10-11T14:09:42+00:00","breadcrumb":{"@id":"https:\/\/agenciacomma.com\/en\/media-relations\/mutualidad-abogacia-case-study\/#breadcrumb"},"inLanguage":"en-US","potentialAction":[{"@type":"ReadAction","target":["https:\/\/agenciacomma.com\/en\/media-relations\/mutualidad-abogacia-case-study\/"]}]},{"@type":"ImageObject","inLanguage":"en-US","@id":"https:\/\/agenciacomma.com\/en\/media-relations\/mutualidad-abogacia-case-study\/#primaryimage","url":"https:\/\/agenciacomma.com\/wp-content\/uploads\/mutualidad.jpg","contentUrl":"https:\/\/agenciacomma.com\/wp-content\/uploads\/mutualidad.jpg"},{"@type":"BreadcrumbList","@id":"https:\/\/agenciacomma.com\/en\/media-relations\/mutualidad-abogacia-case-study\/#breadcrumb","itemListElement":[{"@type":"ListItem","position":1,"name":"Portada","item":"https:\/\/agenciacomma.com\/en\/landing-corporate-2\/"},{"@type":"ListItem","position":2,"name":"Media relations","item":"https:\/\/agenciacomma.com\/en\/media-relations\/"},{"@type":"ListItem","position":3,"name":"Mutualidad Abogac\u00eda &#8211; Case Study"}]},{"@type":"WebSite","@id":"https:\/\/agenciacomma.com\/en\/#website","url":"https:\/\/agenciacomma.com\/en\/","name":"Agencia comma","description":"Agencia de comunicaci\u00f3n","publisher":{"@id":"https:\/\/agenciacomma.com\/en\/#organization"},"potentialAction":[{"@type":"SearchAction","target":{"@type":"EntryPoint","urlTemplate":"https:\/\/agenciacomma.com\/en\/?s={search_term_string}"},"query-input":{"@type":"PropertyValueSpecification","valueRequired":true,"valueName":"search_term_string"}}],"inLanguage":"en-US"},{"@type":"Organization","@id":"https:\/\/agenciacomma.com\/en\/#organization","name":"Agencia comma","url":"https:\/\/agenciacomma.com\/en\/","logo":{"@type":"ImageObject","inLanguage":"en-US","@id":"https:\/\/agenciacomma.com\/en\/#\/schema\/logo\/image\/","url":"https:\/\/agenciacomma.com\/wp-content\/uploads\/2023\/06\/comma-logo.svg","contentUrl":"https:\/\/agenciacomma.com\/wp-content\/uploads\/2023\/06\/comma-logo.svg","width":101,"height":17,"caption":"Agencia comma"},"image":{"@id":"https:\/\/agenciacomma.com\/en\/#\/schema\/logo\/image\/"},"sameAs":["https:\/\/www.facebook.com\/commaagencia","https:\/\/x.com\/agencia_comma","https:\/\/www.instagram.com\/agencia_comma\/","https:\/\/www.linkedin.com\/company\/agenciacomma\/","https:\/\/www.pinterest.es\/agencia_comma\/","https:\/\/www.youtube.com\/channel\/UCr2YTeMuokxv1S8z7dTqTYg"]}]}},"_links":{"self":[{"href":"https:\/\/agenciacomma.com\/en\/wp-json\/wp\/v2\/pages\/28313","targetHints":{"allow":["GET"]}}],"collection":[{"href":"https:\/\/agenciacomma.com\/en\/wp-json\/wp\/v2\/pages"}],"about":[{"href":"https:\/\/agenciacomma.com\/en\/wp-json\/wp\/v2\/types\/page"}],"author":[{"embeddable":true,"href":"https:\/\/agenciacomma.com\/en\/wp-json\/wp\/v2\/users\/37"}],"replies":[{"embeddable":true,"href":"https:\/\/agenciacomma.com\/en\/wp-json\/wp\/v2\/comments?post=28313"}],"version-history":[{"count":1,"href":"https:\/\/agenciacomma.com\/en\/wp-json\/wp\/v2\/pages\/28313\/revisions"}],"predecessor-version":[{"id":28314,"href":"https:\/\/agenciacomma.com\/en\/wp-json\/wp\/v2\/pages\/28313\/revisions\/28314"}],"up":[{"embeddable":true,"href":"https:\/\/agenciacomma.com\/en\/wp-json\/wp\/v2\/pages\/28121"}],"wp:attachment":[{"href":"https:\/\/agenciacomma.com\/en\/wp-json\/wp\/v2\/media?parent=28313"}],"curies":[{"name":"wp","href":"https:\/\/api.w.org\/{rel}","templated":true}]}}